{"id":373,"date":"2020-01-09T08:11:56","date_gmt":"2020-01-09T08:11:56","guid":{"rendered":"http:\/\/design.net2rent.com\/happy\/confirmez-votre-reservation\/"},"modified":"2025-01-15T16:50:35","modified_gmt":"2025-01-15T15:50:35","slug":"confirmez-votre-reservation","status":"publish","type":"page","link":"https:\/\/www.happyinthesun.com\/fr\/confirmez-votre-reservation\/","title":{"rendered":"Confirmez votre r\u00e9servation"},"content":{"rendered":"\t\t<div data-elementor-type=\"wp-page\" data-elementor-id=\"373\" class=\"elementor elementor-373 elementor-64\" data-elementor-post-type=\"page\">\n\t\t\t\t\t\t<section class=\"elementor-section elementor-top-section elementor-element elementor-element-53241a9 elementor-section-boxed elementor-section-height-default elementor-section-height-default\" data-id=\"53241a9\" data-element_type=\"section\" data-e-type=\"section\">\n\t\t\t\t\t\t<div class=\"elementor-container elementor-column-gap-default\">\n\t\t\t\t\t<div class=\"elementor-column elementor-col-100 elementor-top-column elementor-element elementor-element-d48fbbe\" data-id=\"d48fbbe\" data-element_type=\"column\" data-e-type=\"column\" data-settings=\"{&quot;background_background&quot;:&quot;classic&quot;}\">\n\t\t\t<div class=\"elementor-widget-wrap elementor-element-populated\">\n\t\t\t\t\t\t<section class=\"elementor-section elementor-inner-section elementor-element elementor-element-8f2d18d elementor-section-full_width elementor-section-height-default elementor-section-height-default\" data-id=\"8f2d18d\" data-element_type=\"section\" data-e-type=\"section\">\n\t\t\t\t\t\t<div class=\"elementor-container elementor-column-gap-default\">\n\t\t\t\t\t<div class=\"elementor-column elementor-col-100 elementor-inner-column elementor-element elementor-element-7dea3db\" data-id=\"7dea3db\" data-element_type=\"column\" data-e-type=\"column\">\n\t\t\t<div class=\"elementor-widget-wrap elementor-element-populated\">\n\t\t\t\t\t\t<div class=\"elementor-element elementor-element-d3756e8 elementor-widget elementor-widget-heading\" data-id=\"d3756e8\" data-element_type=\"widget\" data-e-type=\"widget\" data-widget_type=\"heading.default\">\n\t\t\t\t<div class=\"elementor-widget-container\">\n\t\t\t\t\t<h2 class=\"elementor-heading-title elementor-size-default\">NOTE IMPORTANTE<\/h2>\t\t\t\t<\/div>\n\t\t\t\t<\/div>\n\t\t\t\t<div class=\"elementor-element elementor-element-9fccacb texto-reserva elementor-widget elementor-widget-text-editor\" data-id=\"9fccacb\" data-element_type=\"widget\" data-e-type=\"widget\" data-widget_type=\"text-editor.default\">\n\t\t\t\t<div class=\"elementor-widget-container\">\n\t\t\t\t\t\t\t\t\t<p>Vous trouverez ci-dessous un r\u00e9sum\u00e9 de votre r\u00e9servation, et les contr\u00f4les pour effectuer le premier paiement pour la confirmation de votre r\u00e9servation. Rappelez-vous que les paiements de la r\u00e9servation doivent \u00eatre effectu\u00e9s de la fa\u00e7on suivante:<\/p>\n<ul>\n<li><strong>30%<\/strong> du prix de la location (sans frais ni acompte) <strong>pour confirmer la r\u00e9servation.<\/strong><\/li>\n<li>Les <strong>70% restants<\/strong> du prix de la location (sans frais ni caution) au moins <strong>30 jours avant l&#8217;arriv\u00e9e.<\/strong><\/li>\n<li>Les f<strong>rais suppl\u00e9mentaires et la caution<\/strong> en esp\u00e8ces ou par carte <strong>\u00e0 la remise des cl\u00e9s<\/strong>, ou quelques jours avant l&#8217;arriv\u00e9e par transfert ou par carte.<\/li>\n<\/ul>\n\t\t\t\t\t\t\t\t<\/div>\n\t\t\t\t<\/div>\n\t\t\t\t\t<\/div>\n\t\t<\/div>\n\t\t\t\t\t<\/div>\n\t\t<\/section>\n\t\t\t\t<div class=\"elementor-element elementor-element-50c3f73 texto-reserva elementor-widget elementor-widget-shortcode\" data-id=\"50c3f73\" data-element_type=\"widget\" data-e-type=\"widget\" data-widget_type=\"shortcode.default\">\n\t\t\t\t<div class=\"elementor-widget-container\">\n\t\t\t\t\t\t\t<div class=\"elementor-shortcode\">  <div class=\"n2r__booking__confirmation\">\n    <div class=\"n2r__booking__confirmation__title\">Cart is empty<\/div>\n  <\/div>\n<\/div>\n\t\t\t\t\t\t<\/div>\n\t\t\t\t<\/div>\n\t\t\t\t<div class=\"elementor-element elementor-element-81d25b7 elementor-widget elementor-widget-spacer\" data-id=\"81d25b7\" data-element_type=\"widget\" data-e-type=\"widget\" data-widget_type=\"spacer.default\">\n\t\t\t\t<div class=\"elementor-widget-container\">\n\t\t\t\t\t\t\t<div class=\"elementor-spacer\">\n\t\t\t<div class=\"elementor-spacer-inner\"><\/div>\n\t\t<\/div>\n\t\t\t\t\t\t<\/div>\n\t\t\t\t<\/div>\n\t\t\t\t\t<\/div>\n\t\t<\/div>\n\t\t\t\t\t<\/div>\n\t\t<\/section>\n\t\t\t\t<\/div>\n\t\t","protected":false},"excerpt":{"rendered":"<p>NOTE IMPORTANTE Vous trouverez ci-dessous un r\u00e9sum\u00e9 de votre r\u00e9servation, et les contr\u00f4les pour effectuer le premier paiement pour la confirmation de votre r\u00e9servation. Rappelez-vous que les paiements de la r\u00e9servation doivent \u00eatre effectu\u00e9s de la fa\u00e7on suivante: 30% du prix de la location (sans frais ni acompte) pour confirmer la r\u00e9servation. Les 70% restants [&hellip;]<\/p>\n","protected":false},"author":1,"featured_media":915,"parent":0,"menu_order":0,"comment_status":"closed","ping_status":"closed","template":"","meta":{"footnotes":""},"class_list":["post-373","page","type-page","status-publish","has-post-thumbnail","hentry"],"yoast_head":"<!-- This site is optimized with the Yoast SEO plugin v27.5 - https:\/\/yoast.com\/product\/yoast-seo-wordpress\/ -->\n<title>Louer une maison de vacances \u00e0 Denia - Logement de vacances \u00e0 Denia - Louer \u00e0 Denia<\/title>\n<meta name=\"description\" content=\"Vacances \u00e0 la plage avec piscine, appartement \u00e0 Denia, maison de vacances avec piscine priv\u00e9e, villa avec piscine priv\u00e9e, logement \u00e0 Denia\" \/>\n<meta name=\"robots\" content=\"index, follow, max-snippet:-1, max-image-preview:large, max-video-preview:-1\" \/>\n<link rel=\"canonical\" href=\"https:\/\/www.happyinthesun.com\/fr\/confirmez-votre-reservation\/\" \/>\n<meta property=\"og:locale\" content=\"fr_FR\" \/>\n<meta property=\"og:type\" content=\"article\" \/>\n<meta property=\"og:title\" content=\"Louer une maison de vacances \u00e0 Denia - Logement de vacances \u00e0 Denia - Louer \u00e0 Denia\" \/>\n<meta property=\"og:description\" content=\"Vacances \u00e0 la plage avec piscine, appartement \u00e0 Denia, maison de vacances avec piscine priv\u00e9e, villa avec piscine priv\u00e9e, logement \u00e0 Denia\" \/>\n<meta property=\"og:url\" content=\"https:\/\/www.happyinthesun.com\/fr\/confirmez-votre-reservation\/\" \/>\n<meta property=\"og:site_name\" content=\"Happy in the Sun\" \/>\n<meta property=\"article:modified_time\" content=\"2025-01-15T15:50:35+00:00\" \/>\n<meta property=\"og:image\" content=\"https:\/\/www.happyinthesun.com\/wp-content\/uploads\/2020\/05\/DSC00614.jpg\" \/>\n\t<meta property=\"og:image:width\" content=\"1900\" \/>\n\t<meta property=\"og:image:height\" content=\"1267\" \/>\n\t<meta property=\"og:image:type\" content=\"image\/jpeg\" \/>\n<meta name=\"twitter:card\" content=\"summary_large_image\" \/>\n<meta name=\"twitter:label1\" content=\"Dur\u00e9e de lecture estim\u00e9e\" \/>\n\t<meta name=\"twitter:data1\" content=\"1 minute\" \/>\n<script type=\"application\/ld+json\" class=\"yoast-schema-graph\">{\"@context\":\"https:\\\/\\\/schema.org\",\"@graph\":[{\"@type\":\"WebPage\",\"@id\":\"https:\\\/\\\/www.happyinthesun.com\\\/fr\\\/confirmez-votre-reservation\\\/\",\"url\":\"https:\\\/\\\/www.happyinthesun.com\\\/fr\\\/confirmez-votre-reservation\\\/\",\"name\":\"Louer une maison de vacances \u00e0 Denia - Logement de vacances \u00e0 Denia - Louer \u00e0 Denia\",\"isPartOf\":{\"@id\":\"https:\\\/\\\/www.happyinthesun.com\\\/fr\\\/#website\"},\"primaryImageOfPage\":{\"@id\":\"https:\\\/\\\/www.happyinthesun.com\\\/fr\\\/confirmez-votre-reservation\\\/#primaryimage\"},\"image\":{\"@id\":\"https:\\\/\\\/www.happyinthesun.com\\\/fr\\\/confirmez-votre-reservation\\\/#primaryimage\"},\"thumbnailUrl\":\"https:\\\/\\\/www.happyinthesun.com\\\/wp-content\\\/uploads\\\/2020\\\/05\\\/DSC00614.jpg\",\"datePublished\":\"2020-01-09T08:11:56+00:00\",\"dateModified\":\"2025-01-15T15:50:35+00:00\",\"description\":\"Vacances \u00e0 la plage avec piscine, appartement \u00e0 Denia, maison de vacances avec piscine priv\u00e9e, villa avec piscine priv\u00e9e, logement \u00e0 Denia\",\"breadcrumb\":{\"@id\":\"https:\\\/\\\/www.happyinthesun.com\\\/fr\\\/confirmez-votre-reservation\\\/#breadcrumb\"},\"inLanguage\":\"fr-FR\",\"potentialAction\":[{\"@type\":\"ReadAction\",\"target\":[\"https:\\\/\\\/www.happyinthesun.com\\\/fr\\\/confirmez-votre-reservation\\\/\"]}]},{\"@type\":\"BreadcrumbList\",\"@id\":\"https:\\\/\\\/www.happyinthesun.com\\\/fr\\\/confirmez-votre-reservation\\\/#breadcrumb\",\"itemListElement\":[{\"@type\":\"ListItem\",\"position\":1,\"name\":\"Home\",\"item\":\"https:\\\/\\\/www.happyinthesun.com\\\/fr\\\/\"},{\"@type\":\"ListItem\",\"position\":2,\"name\":\"Confirmez votre r\u00e9servation\"}]},{\"@type\":\"WebSite\",\"@id\":\"https:\\\/\\\/www.happyinthesun.com\\\/fr\\\/#website\",\"url\":\"https:\\\/\\\/www.happyinthesun.com\\\/fr\\\/\",\"name\":\"Happy in the Sun\",\"description\":\"Las mejores casas para sus vacaciones en Denia\",\"publisher\":{\"@id\":\"https:\\\/\\\/www.happyinthesun.com\\\/fr\\\/#organization\"},\"potentialAction\":[{\"@type\":\"SearchAction\",\"target\":{\"@type\":\"EntryPoint\",\"urlTemplate\":\"https:\\\/\\\/www.happyinthesun.com\\\/net2rent-rental-list-results\\\/?search_text={search_term_string}\"},\"query-input\":{\"@type\":\"PropertyValueSpecification\",\"valueRequired\":true,\"valueName\":\"search_term_string\"}}],\"inLanguage\":\"fr-FR\"},{\"@type\":\"Organization\",\"@id\":\"https:\\\/\\\/www.happyinthesun.com\\\/fr\\\/#organization\",\"name\":\"Happy in the Sun - Denia\",\"url\":\"https:\\\/\\\/www.happyinthesun.com\\\/fr\\\/\",\"logo\":{\"@type\":\"ImageObject\",\"inLanguage\":\"fr-FR\",\"@id\":\"https:\\\/\\\/www.happyinthesun.com\\\/fr\\\/#\\\/schema\\\/logo\\\/image\\\/\",\"url\":\"https:\\\/\\\/www.happyinthesun.com\\\/wp-content\\\/uploads\\\/2020\\\/04\\\/Nuevo-logo.png\",\"contentUrl\":\"https:\\\/\\\/www.happyinthesun.com\\\/wp-content\\\/uploads\\\/2020\\\/04\\\/Nuevo-logo.png\",\"width\":924,\"height\":284,\"caption\":\"Happy in the Sun - Denia\"},\"image\":{\"@id\":\"https:\\\/\\\/www.happyinthesun.com\\\/fr\\\/#\\\/schema\\\/logo\\\/image\\\/\"}}]}<\/script>\n<!-- \/ Yoast SEO plugin. -->","yoast_head_json":{"title":"Louer une maison de vacances \u00e0 Denia - Logement de vacances \u00e0 Denia - Louer \u00e0 Denia","description":"Vacances \u00e0 la plage avec piscine, appartement \u00e0 Denia, maison de vacances avec piscine priv\u00e9e, villa avec piscine priv\u00e9e, logement \u00e0 Denia","robots":{"index":"index","follow":"follow","max-snippet":"max-snippet:-1","max-image-preview":"max-image-preview:large","max-video-preview":"max-video-preview:-1"},"canonical":"https:\/\/www.happyinthesun.com\/fr\/confirmez-votre-reservation\/","og_locale":"fr_FR","og_type":"article","og_title":"Louer une maison de vacances \u00e0 Denia - Logement de vacances \u00e0 Denia - Louer \u00e0 Denia","og_description":"Vacances \u00e0 la plage avec piscine, appartement \u00e0 Denia, maison de vacances avec piscine priv\u00e9e, villa avec piscine priv\u00e9e, logement \u00e0 Denia","og_url":"https:\/\/www.happyinthesun.com\/fr\/confirmez-votre-reservation\/","og_site_name":"Happy in the Sun","article_modified_time":"2025-01-15T15:50:35+00:00","og_image":[{"width":1900,"height":1267,"url":"https:\/\/www.happyinthesun.com\/wp-content\/uploads\/2020\/05\/DSC00614.jpg","type":"image\/jpeg"}],"twitter_card":"summary_large_image","twitter_misc":{"Dur\u00e9e de lecture estim\u00e9e":"1 minute"},"schema":{"@context":"https:\/\/schema.org","@graph":[{"@type":"WebPage","@id":"https:\/\/www.happyinthesun.com\/fr\/confirmez-votre-reservation\/","url":"https:\/\/www.happyinthesun.com\/fr\/confirmez-votre-reservation\/","name":"Louer une maison de vacances \u00e0 Denia - Logement de vacances \u00e0 Denia - Louer \u00e0 Denia","isPartOf":{"@id":"https:\/\/www.happyinthesun.com\/fr\/#website"},"primaryImageOfPage":{"@id":"https:\/\/www.happyinthesun.com\/fr\/confirmez-votre-reservation\/#primaryimage"},"image":{"@id":"https:\/\/www.happyinthesun.com\/fr\/confirmez-votre-reservation\/#primaryimage"},"thumbnailUrl":"https:\/\/www.happyinthesun.com\/wp-content\/uploads\/2020\/05\/DSC00614.jpg","datePublished":"2020-01-09T08:11:56+00:00","dateModified":"2025-01-15T15:50:35+00:00","description":"Vacances \u00e0 la plage avec piscine, appartement \u00e0 Denia, maison de vacances avec piscine priv\u00e9e, villa avec piscine priv\u00e9e, logement \u00e0 Denia","breadcrumb":{"@id":"https:\/\/www.happyinthesun.com\/fr\/confirmez-votre-reservation\/#breadcrumb"},"inLanguage":"fr-FR","potentialAction":[{"@type":"ReadAction","target":["https:\/\/www.happyinthesun.com\/fr\/confirmez-votre-reservation\/"]}]},{"@type":"BreadcrumbList","@id":"https:\/\/www.happyinthesun.com\/fr\/confirmez-votre-reservation\/#breadcrumb","itemListElement":[{"@type":"ListItem","position":1,"name":"Home","item":"https:\/\/www.happyinthesun.com\/fr\/"},{"@type":"ListItem","position":2,"name":"Confirmez votre r\u00e9servation"}]},{"@type":"WebSite","@id":"https:\/\/www.happyinthesun.com\/fr\/#website","url":"https:\/\/www.happyinthesun.com\/fr\/","name":"Happy in the Sun","description":"Las mejores casas para sus vacaciones en Denia","publisher":{"@id":"https:\/\/www.happyinthesun.com\/fr\/#organization"},"potentialAction":[{"@type":"SearchAction","target":{"@type":"EntryPoint","urlTemplate":"https:\/\/www.happyinthesun.com\/net2rent-rental-list-results\/?search_text={search_term_string}"},"query-input":{"@type":"PropertyValueSpecification","valueRequired":true,"valueName":"search_term_string"}}],"inLanguage":"fr-FR"},{"@type":"Organization","@id":"https:\/\/www.happyinthesun.com\/fr\/#organization","name":"Happy in the Sun - Denia","url":"https:\/\/www.happyinthesun.com\/fr\/","logo":{"@type":"ImageObject","inLanguage":"fr-FR","@id":"https:\/\/www.happyinthesun.com\/fr\/#\/schema\/logo\/image\/","url":"https:\/\/www.happyinthesun.com\/wp-content\/uploads\/2020\/04\/Nuevo-logo.png","contentUrl":"https:\/\/www.happyinthesun.com\/wp-content\/uploads\/2020\/04\/Nuevo-logo.png","width":924,"height":284,"caption":"Happy in the Sun - Denia"},"image":{"@id":"https:\/\/www.happyinthesun.com\/fr\/#\/schema\/logo\/image\/"}}]}},"_links":{"self":[{"href":"https:\/\/www.happyinthesun.com\/fr\/wp-json\/wp\/v2\/pages\/373","targetHints":{"allow":["GET"]}}],"collection":[{"href":"https:\/\/www.happyinthesun.com\/fr\/wp-json\/wp\/v2\/pages"}],"about":[{"href":"https:\/\/www.happyinthesun.com\/fr\/wp-json\/wp\/v2\/types\/page"}],"author":[{"embeddable":true,"href":"https:\/\/www.happyinthesun.com\/fr\/wp-json\/wp\/v2\/users\/1"}],"replies":[{"embeddable":true,"href":"https:\/\/www.happyinthesun.com\/fr\/wp-json\/wp\/v2\/comments?post=373"}],"version-history":[{"count":4,"href":"https:\/\/www.happyinthesun.com\/fr\/wp-json\/wp\/v2\/pages\/373\/revisions"}],"predecessor-version":[{"id":7222,"href":"https:\/\/www.happyinthesun.com\/fr\/wp-json\/wp\/v2\/pages\/373\/revisions\/7222"}],"wp:featuredmedia":[{"embeddable":true,"href":"https:\/\/www.happyinthesun.com\/fr\/wp-json\/wp\/v2\/media\/915"}],"wp:attachment":[{"href":"https:\/\/www.happyinthesun.com\/fr\/wp-json\/wp\/v2\/media?parent=373"}],"curies":[{"name":"wp","href":"https:\/\/api.w.org\/{rel}","templated":true}]}}