{"id":393,"date":"2020-01-09T08:49:43","date_gmt":"2020-01-09T08:49:43","guid":{"rendered":"http:\/\/design.net2rent.com\/happy\/reservierung-bestatigen\/"},"modified":"2025-01-15T16:50:41","modified_gmt":"2025-01-15T15:50:41","slug":"reservierung-bestatigen","status":"publish","type":"page","link":"https:\/\/www.happyinthesun.com\/de\/reservierung-bestatigen\/","title":{"rendered":"Reservierung best\u00e4tigen"},"content":{"rendered":"\t\t<div data-elementor-type=\"wp-page\" data-elementor-id=\"393\" class=\"elementor elementor-393 elementor-64\" data-elementor-post-type=\"page\">\n\t\t\t\t\t\t<section class=\"elementor-section elementor-top-section elementor-element elementor-element-53241a9 elementor-section-boxed elementor-section-height-default elementor-section-height-default\" data-id=\"53241a9\" data-element_type=\"section\" data-e-type=\"section\">\n\t\t\t\t\t\t<div class=\"elementor-container elementor-column-gap-default\">\n\t\t\t\t\t<div class=\"elementor-column elementor-col-100 elementor-top-column elementor-element elementor-element-d48fbbe\" data-id=\"d48fbbe\" data-element_type=\"column\" data-e-type=\"column\" data-settings=\"{&quot;background_background&quot;:&quot;classic&quot;}\">\n\t\t\t<div class=\"elementor-widget-wrap elementor-element-populated\">\n\t\t\t\t\t\t<section class=\"elementor-section elementor-inner-section elementor-element elementor-element-8f2d18d elementor-section-full_width elementor-section-height-default elementor-section-height-default\" data-id=\"8f2d18d\" data-element_type=\"section\" data-e-type=\"section\">\n\t\t\t\t\t\t<div class=\"elementor-container elementor-column-gap-default\">\n\t\t\t\t\t<div class=\"elementor-column elementor-col-100 elementor-inner-column elementor-element elementor-element-7dea3db\" data-id=\"7dea3db\" data-element_type=\"column\" data-e-type=\"column\">\n\t\t\t<div class=\"elementor-widget-wrap elementor-element-populated\">\n\t\t\t\t\t\t<div class=\"elementor-element elementor-element-d3756e8 elementor-widget elementor-widget-heading\" data-id=\"d3756e8\" data-element_type=\"widget\" data-e-type=\"widget\" data-widget_type=\"heading.default\">\n\t\t\t\t<div class=\"elementor-widget-container\">\n\t\t\t\t\t<h2 class=\"elementor-heading-title elementor-size-default\">WICHTIGER HINWEIS<\/h2>\t\t\t\t<\/div>\n\t\t\t\t<\/div>\n\t\t\t\t<div class=\"elementor-element elementor-element-9fccacb texto-reserva elementor-widget elementor-widget-text-editor\" data-id=\"9fccacb\" data-element_type=\"widget\" data-e-type=\"widget\" data-widget_type=\"text-editor.default\">\n\t\t\t\t<div class=\"elementor-widget-container\">\n\t\t\t\t\t\t\t\t\t<p>Unten finden Sie eine Zusammenfassung Ihrer Reservierung und die Kontrollen f\u00fcr die erste Zahlung zur Best\u00e4tigung Ihrer Reservierung. Denken Sie daran, dass die Zahlungen f\u00fcr die Reservierung auf folgende Weise erfolgen m\u00fcssen:<\/p>\n<ul>\n<li><strong>30%<\/strong> des Mietpreises (ohne Spesen oder Anzahlung) <strong>zur Best\u00e4tigung der Reservierung.<\/strong><\/li>\n<li>Die restlichen <strong>70% des Mietpreises<\/strong> (ohne Spesen oder Kaution) <strong>mindestens 30 Tage vor Ankunft.<\/strong><\/li>\n<li>Die <strong>Nebenkosten und die Kaution<\/strong> in bar oder <strong>Karte bei der Schl\u00fcssel\u00fcbergabe<\/strong> oder einige Tage vor der Ankunft per \u00dcberweisung oder Karte.<\/li>\n<\/ul>\n\t\t\t\t\t\t\t\t<\/div>\n\t\t\t\t<\/div>\n\t\t\t\t\t<\/div>\n\t\t<\/div>\n\t\t\t\t\t<\/div>\n\t\t<\/section>\n\t\t\t\t<div class=\"elementor-element elementor-element-50c3f73 texto-reserva elementor-widget elementor-widget-shortcode\" data-id=\"50c3f73\" data-element_type=\"widget\" data-e-type=\"widget\" data-widget_type=\"shortcode.default\">\n\t\t\t\t<div class=\"elementor-widget-container\">\n\t\t\t\t\t\t\t<div class=\"elementor-shortcode\">  <div class=\"n2r__booking__confirmation\">\n    <div class=\"n2r__booking__confirmation__title\">Cart is empty<\/div>\n  <\/div>\n<\/div>\n\t\t\t\t\t\t<\/div>\n\t\t\t\t<\/div>\n\t\t\t\t<div class=\"elementor-element elementor-element-81d25b7 elementor-widget elementor-widget-spacer\" data-id=\"81d25b7\" data-element_type=\"widget\" data-e-type=\"widget\" data-widget_type=\"spacer.default\">\n\t\t\t\t<div class=\"elementor-widget-container\">\n\t\t\t\t\t\t\t<div class=\"elementor-spacer\">\n\t\t\t<div class=\"elementor-spacer-inner\"><\/div>\n\t\t<\/div>\n\t\t\t\t\t\t<\/div>\n\t\t\t\t<\/div>\n\t\t\t\t\t<\/div>\n\t\t<\/div>\n\t\t\t\t\t<\/div>\n\t\t<\/section>\n\t\t\t\t<\/div>\n\t\t","protected":false},"excerpt":{"rendered":"<p>WICHTIGER HINWEIS Unten finden Sie eine Zusammenfassung Ihrer Reservierung und die Kontrollen f\u00fcr die erste Zahlung zur Best\u00e4tigung Ihrer Reservierung. Denken Sie daran, dass die Zahlungen f\u00fcr die Reservierung auf folgende Weise erfolgen m\u00fcssen: 30% des Mietpreises (ohne Spesen oder Anzahlung) zur Best\u00e4tigung der Reservierung. Die restlichen 70% des Mietpreises (ohne Spesen oder Kaution) mindestens [&hellip;]<\/p>\n","protected":false},"author":1,"featured_media":916,"parent":0,"menu_order":0,"comment_status":"closed","ping_status":"closed","template":"","meta":{"footnotes":""},"class_list":["post-393","page","type-page","status-publish","has-post-thumbnail","hentry"],"yoast_head":"<!-- This site is optimized with the Yoast SEO plugin v27.5 - https:\/\/yoast.com\/product\/yoast-seo-wordpress\/ -->\n<title>Ferienhaus Denia buchen - Ferienunterkunft in Denia - Denia mieten<\/title>\n<meta name=\"description\" content=\"Strandurlaub mit Schwimmbad, Ferienwohnung in Denia, Ferienhaus mit privatem Pool, Villa mit privatem Pool, Unterkunft Denia\" \/>\n<meta name=\"robots\" content=\"index, follow, max-snippet:-1, max-image-preview:large, max-video-preview:-1\" \/>\n<link rel=\"canonical\" href=\"https:\/\/www.happyinthesun.com\/de\/reservierung-bestatigen\/\" \/>\n<meta property=\"og:locale\" content=\"de_DE\" \/>\n<meta property=\"og:type\" content=\"article\" \/>\n<meta property=\"og:title\" content=\"Ferienhaus Denia buchen - Ferienunterkunft in Denia - Denia mieten\" \/>\n<meta property=\"og:description\" content=\"Strandurlaub mit Schwimmbad, Ferienwohnung in Denia, Ferienhaus mit privatem Pool, Villa mit privatem Pool, Unterkunft Denia\" \/>\n<meta property=\"og:url\" content=\"https:\/\/www.happyinthesun.com\/de\/reservierung-bestatigen\/\" \/>\n<meta property=\"og:site_name\" content=\"Happy in the Sun\" \/>\n<meta property=\"article:modified_time\" content=\"2025-01-15T15:50:41+00:00\" \/>\n<meta property=\"og:image\" content=\"https:\/\/www.happyinthesun.com\/wp-content\/uploads\/2020\/05\/DSC00614.jpg\" \/>\n\t<meta property=\"og:image:width\" content=\"1900\" \/>\n\t<meta property=\"og:image:height\" content=\"1267\" \/>\n\t<meta property=\"og:image:type\" content=\"image\/jpeg\" \/>\n<meta name=\"twitter:card\" content=\"summary_large_image\" \/>\n<meta name=\"twitter:label1\" content=\"Gesch\u00e4tzte Lesezeit\" \/>\n\t<meta name=\"twitter:data1\" content=\"1\u00a0Minute\" \/>\n<script type=\"application\/ld+json\" class=\"yoast-schema-graph\">{\"@context\":\"https:\\\/\\\/schema.org\",\"@graph\":[{\"@type\":\"WebPage\",\"@id\":\"https:\\\/\\\/www.happyinthesun.com\\\/de\\\/reservierung-bestatigen\\\/\",\"url\":\"https:\\\/\\\/www.happyinthesun.com\\\/de\\\/reservierung-bestatigen\\\/\",\"name\":\"Ferienhaus Denia buchen - Ferienunterkunft in Denia - Denia mieten\",\"isPartOf\":{\"@id\":\"https:\\\/\\\/www.happyinthesun.com\\\/de\\\/#website\"},\"primaryImageOfPage\":{\"@id\":\"https:\\\/\\\/www.happyinthesun.com\\\/de\\\/reservierung-bestatigen\\\/#primaryimage\"},\"image\":{\"@id\":\"https:\\\/\\\/www.happyinthesun.com\\\/de\\\/reservierung-bestatigen\\\/#primaryimage\"},\"thumbnailUrl\":\"https:\\\/\\\/www.happyinthesun.com\\\/wp-content\\\/uploads\\\/2020\\\/05\\\/DSC00614.jpg\",\"datePublished\":\"2020-01-09T08:49:43+00:00\",\"dateModified\":\"2025-01-15T15:50:41+00:00\",\"description\":\"Strandurlaub mit Schwimmbad, Ferienwohnung in Denia, Ferienhaus mit privatem Pool, Villa mit privatem Pool, Unterkunft Denia\",\"breadcrumb\":{\"@id\":\"https:\\\/\\\/www.happyinthesun.com\\\/de\\\/reservierung-bestatigen\\\/#breadcrumb\"},\"inLanguage\":\"de\",\"potentialAction\":[{\"@type\":\"ReadAction\",\"target\":[\"https:\\\/\\\/www.happyinthesun.com\\\/de\\\/reservierung-bestatigen\\\/\"]}]},{\"@type\":\"BreadcrumbList\",\"@id\":\"https:\\\/\\\/www.happyinthesun.com\\\/de\\\/reservierung-bestatigen\\\/#breadcrumb\",\"itemListElement\":[{\"@type\":\"ListItem\",\"position\":1,\"name\":\"Home\",\"item\":\"https:\\\/\\\/www.happyinthesun.com\\\/de\\\/\"},{\"@type\":\"ListItem\",\"position\":2,\"name\":\"Reservierung best\u00e4tigen\"}]},{\"@type\":\"WebSite\",\"@id\":\"https:\\\/\\\/www.happyinthesun.com\\\/de\\\/#website\",\"url\":\"https:\\\/\\\/www.happyinthesun.com\\\/de\\\/\",\"name\":\"Happy in the Sun\",\"description\":\"Las mejores casas para sus vacaciones en Denia\",\"publisher\":{\"@id\":\"https:\\\/\\\/www.happyinthesun.com\\\/de\\\/#organization\"},\"potentialAction\":[{\"@type\":\"SearchAction\",\"target\":{\"@type\":\"EntryPoint\",\"urlTemplate\":\"https:\\\/\\\/www.happyinthesun.com\\\/net2rent-rental-list-results\\\/?search_text={search_term_string}\"},\"query-input\":{\"@type\":\"PropertyValueSpecification\",\"valueRequired\":true,\"valueName\":\"search_term_string\"}}],\"inLanguage\":\"de\"},{\"@type\":\"Organization\",\"@id\":\"https:\\\/\\\/www.happyinthesun.com\\\/de\\\/#organization\",\"name\":\"Happy in the Sun - Denia\",\"url\":\"https:\\\/\\\/www.happyinthesun.com\\\/de\\\/\",\"logo\":{\"@type\":\"ImageObject\",\"inLanguage\":\"de\",\"@id\":\"https:\\\/\\\/www.happyinthesun.com\\\/de\\\/#\\\/schema\\\/logo\\\/image\\\/\",\"url\":\"https:\\\/\\\/www.happyinthesun.com\\\/wp-content\\\/uploads\\\/2020\\\/04\\\/Nuevo-logo.png\",\"contentUrl\":\"https:\\\/\\\/www.happyinthesun.com\\\/wp-content\\\/uploads\\\/2020\\\/04\\\/Nuevo-logo.png\",\"width\":924,\"height\":284,\"caption\":\"Happy in the Sun - Denia\"},\"image\":{\"@id\":\"https:\\\/\\\/www.happyinthesun.com\\\/de\\\/#\\\/schema\\\/logo\\\/image\\\/\"}}]}<\/script>\n<!-- \/ Yoast SEO plugin. -->","yoast_head_json":{"title":"Ferienhaus Denia buchen - Ferienunterkunft in Denia - Denia mieten","description":"Strandurlaub mit Schwimmbad, Ferienwohnung in Denia, Ferienhaus mit privatem Pool, Villa mit privatem Pool, Unterkunft Denia","robots":{"index":"index","follow":"follow","max-snippet":"max-snippet:-1","max-image-preview":"max-image-preview:large","max-video-preview":"max-video-preview:-1"},"canonical":"https:\/\/www.happyinthesun.com\/de\/reservierung-bestatigen\/","og_locale":"de_DE","og_type":"article","og_title":"Ferienhaus Denia buchen - Ferienunterkunft in Denia - Denia mieten","og_description":"Strandurlaub mit Schwimmbad, Ferienwohnung in Denia, Ferienhaus mit privatem Pool, Villa mit privatem Pool, Unterkunft Denia","og_url":"https:\/\/www.happyinthesun.com\/de\/reservierung-bestatigen\/","og_site_name":"Happy in the Sun","article_modified_time":"2025-01-15T15:50:41+00:00","og_image":[{"width":1900,"height":1267,"url":"https:\/\/www.happyinthesun.com\/wp-content\/uploads\/2020\/05\/DSC00614.jpg","type":"image\/jpeg"}],"twitter_card":"summary_large_image","twitter_misc":{"Gesch\u00e4tzte Lesezeit":"1\u00a0Minute"},"schema":{"@context":"https:\/\/schema.org","@graph":[{"@type":"WebPage","@id":"https:\/\/www.happyinthesun.com\/de\/reservierung-bestatigen\/","url":"https:\/\/www.happyinthesun.com\/de\/reservierung-bestatigen\/","name":"Ferienhaus Denia buchen - Ferienunterkunft in Denia - Denia mieten","isPartOf":{"@id":"https:\/\/www.happyinthesun.com\/de\/#website"},"primaryImageOfPage":{"@id":"https:\/\/www.happyinthesun.com\/de\/reservierung-bestatigen\/#primaryimage"},"image":{"@id":"https:\/\/www.happyinthesun.com\/de\/reservierung-bestatigen\/#primaryimage"},"thumbnailUrl":"https:\/\/www.happyinthesun.com\/wp-content\/uploads\/2020\/05\/DSC00614.jpg","datePublished":"2020-01-09T08:49:43+00:00","dateModified":"2025-01-15T15:50:41+00:00","description":"Strandurlaub mit Schwimmbad, Ferienwohnung in Denia, Ferienhaus mit privatem Pool, Villa mit privatem Pool, Unterkunft Denia","breadcrumb":{"@id":"https:\/\/www.happyinthesun.com\/de\/reservierung-bestatigen\/#breadcrumb"},"inLanguage":"de","potentialAction":[{"@type":"ReadAction","target":["https:\/\/www.happyinthesun.com\/de\/reservierung-bestatigen\/"]}]},{"@type":"BreadcrumbList","@id":"https:\/\/www.happyinthesun.com\/de\/reservierung-bestatigen\/#breadcrumb","itemListElement":[{"@type":"ListItem","position":1,"name":"Home","item":"https:\/\/www.happyinthesun.com\/de\/"},{"@type":"ListItem","position":2,"name":"Reservierung best\u00e4tigen"}]},{"@type":"WebSite","@id":"https:\/\/www.happyinthesun.com\/de\/#website","url":"https:\/\/www.happyinthesun.com\/de\/","name":"Happy in the Sun","description":"Las mejores casas para sus vacaciones en Denia","publisher":{"@id":"https:\/\/www.happyinthesun.com\/de\/#organization"},"potentialAction":[{"@type":"SearchAction","target":{"@type":"EntryPoint","urlTemplate":"https:\/\/www.happyinthesun.com\/net2rent-rental-list-results\/?search_text={search_term_string}"},"query-input":{"@type":"PropertyValueSpecification","valueRequired":true,"valueName":"search_term_string"}}],"inLanguage":"de"},{"@type":"Organization","@id":"https:\/\/www.happyinthesun.com\/de\/#organization","name":"Happy in the Sun - Denia","url":"https:\/\/www.happyinthesun.com\/de\/","logo":{"@type":"ImageObject","inLanguage":"de","@id":"https:\/\/www.happyinthesun.com\/de\/#\/schema\/logo\/image\/","url":"https:\/\/www.happyinthesun.com\/wp-content\/uploads\/2020\/04\/Nuevo-logo.png","contentUrl":"https:\/\/www.happyinthesun.com\/wp-content\/uploads\/2020\/04\/Nuevo-logo.png","width":924,"height":284,"caption":"Happy in the Sun - Denia"},"image":{"@id":"https:\/\/www.happyinthesun.com\/de\/#\/schema\/logo\/image\/"}}]}},"_links":{"self":[{"href":"https:\/\/www.happyinthesun.com\/de\/wp-json\/wp\/v2\/pages\/393","targetHints":{"allow":["GET"]}}],"collection":[{"href":"https:\/\/www.happyinthesun.com\/de\/wp-json\/wp\/v2\/pages"}],"about":[{"href":"https:\/\/www.happyinthesun.com\/de\/wp-json\/wp\/v2\/types\/page"}],"author":[{"embeddable":true,"href":"https:\/\/www.happyinthesun.com\/de\/wp-json\/wp\/v2\/users\/1"}],"replies":[{"embeddable":true,"href":"https:\/\/www.happyinthesun.com\/de\/wp-json\/wp\/v2\/comments?post=393"}],"version-history":[{"count":4,"href":"https:\/\/www.happyinthesun.com\/de\/wp-json\/wp\/v2\/pages\/393\/revisions"}],"predecessor-version":[{"id":7223,"href":"https:\/\/www.happyinthesun.com\/de\/wp-json\/wp\/v2\/pages\/393\/revisions\/7223"}],"wp:featuredmedia":[{"embeddable":true,"href":"https:\/\/www.happyinthesun.com\/de\/wp-json\/wp\/v2\/media\/916"}],"wp:attachment":[{"href":"https:\/\/www.happyinthesun.com\/de\/wp-json\/wp\/v2\/media?parent=393"}],"curies":[{"name":"wp","href":"https:\/\/api.w.org\/{rel}","templated":true}]}}